{"id":66,"date":"2018-03-11T14:21:57","date_gmt":"2018-03-11T13:21:57","guid":{"rendered":"http:\/\/192.168.178.49\/?page_id=66"},"modified":"2024-05-22T21:29:38","modified_gmt":"2024-05-22T19:29:38","slug":"startseite","status":"publish","type":"page","link":"https:\/\/ferienwohnung-berngau.de\/","title":{"rendered":"Startseite"},"content":{"rendered":"<p>Berngau liegt ca. 40km s\u00fcd\u00f6stlich von <strong>N\u00fcrnberg<\/strong> und besitzt eine hervorragende verkehrstechnische Anbindung (A3, A6, A9). Die Entfernung zur Messe N\u00fcrnberg betr\u00e4gt 37km.<\/p>\n<p>Unsere neu renovierte, stilvoll eingerichtete Ferienwohnung befindet sich im ersten Obergeschoss, auf einer Gesamtfl\u00e4che von ca. 90qm. In den drei gro\u00dfz\u00fcgigen Zimmern bietet sie Platz f\u00fcr<strong> 2-4 Personen<\/strong>. Sie teilt sich auf in zwei Schlafzimmer, ein Wohn- Esszimmer mit einer vollausgestatteten K\u00fcchenzeile, einem Bad und einem kleinen Balkon.<\/p>\n<ul>\n<li><strong>WLAN<\/strong> in der ganzen Wohnung verf\u00fcgbar<\/li>\n<li>Nichtraucherwohnung<\/li>\n<li>Keine Haustiere<\/li>\n<\/ul>\n","protected":false},"excerpt":{"rendered":"<p>Berngau liegt ca. 40km s\u00fcd\u00f6stlich von N\u00fcrnberg und besitzt eine hervorragende verkehrstechnische Anbindung (A3, A6, A9). Die Entfernung zur Messe N\u00fcrnberg betr\u00e4gt 37km. Unsere neu renovierte, stilvoll eingerichtete Ferienwohnung befindet sich im ersten Obergeschoss, auf einer Gesamtfl\u00e4che von ca. 90qm. In den drei gro\u00dfz\u00fcgigen Zimmern bietet sie Platz f\u00fcr 2-4 Personen. Sie teilt sich auf &hellip; <\/p>\n<p class=\"link-more\"><a href=\"https:\/\/ferienwohnung-berngau.de\/\" class=\"more-link\"><span class=\"screen-reader-text\">\u201eStartseite\u201c<\/span> weiterlesen<\/a><\/p>\n","protected":false},"author":1,"featured_media":0,"parent":0,"menu_order":0,"comment_status":"closed","ping_status":"closed","template":"","meta":{"footnotes":""},"_links":{"self":[{"href":"https:\/\/ferienwohnung-berngau.de\/index.php\/wp-json\/wp\/v2\/pages\/66"}],"collection":[{"href":"https:\/\/ferienwohnung-berngau.de\/index.php\/wp-json\/wp\/v2\/pages"}],"about":[{"href":"https:\/\/ferienwohnung-berngau.de\/index.php\/wp-json\/wp\/v2\/types\/page"}],"author":[{"embeddable":true,"href":"https:\/\/ferienwohnung-berngau.de\/index.php\/wp-json\/wp\/v2\/users\/1"}],"replies":[{"embeddable":true,"href":"https:\/\/ferienwohnung-berngau.de\/index.php\/wp-json\/wp\/v2\/comments?post=66"}],"version-history":[{"count":1,"href":"https:\/\/ferienwohnung-berngau.de\/index.php\/wp-json\/wp\/v2\/pages\/66\/revisions"}],"predecessor-version":[{"id":392,"href":"https:\/\/ferienwohnung-berngau.de\/index.php\/wp-json\/wp\/v2\/pages\/66\/revisions\/392"}],"wp:attachment":[{"href":"https:\/\/ferienwohnung-berngau.de\/index.php\/wp-json\/wp\/v2\/media?parent=66"}],"curies":[{"name":"wp","href":"https:\/\/api.w.org\/{rel}","templated":true}]}}