{"id":340,"date":"2019-12-30T11:43:27","date_gmt":"2019-12-30T10:43:27","guid":{"rendered":"https:\/\/ferienwohnung-berngau.de\/?page_id=340"},"modified":"2020-02-28T17:51:35","modified_gmt":"2020-02-28T16:51:35","slug":"neumarkt_in_der_oberpfalz","status":"publish","type":"page","link":"https:\/\/ferienwohnung-berngau.de\/index.php\/neumarkt_in_der_oberpfalz\/","title":{"rendered":"Neumarkt in der Oberpfalz"},"content":{"rendered":"<p>In unmittelbarer N\u00e4he zur Ferienwohnung liegt die gro\u00dfe <strong>Kreisstadt Neumarkt in der Oberpfalz<\/strong> (Neumarkt i.d.Opf). Mit rund 40.000 Einwohnern ist Neumarkt das wirtschaftliche und kulturelle Zentrum der westlichen Oberpfalz. Insgesamt besteht die Kreisstadt&nbsp; aus 45 Gemeindeteilen mit einer Gesamtfl\u00e4che von 7901ha. Die Kreisstadt beeindruckt nicht nur durch seine<strong> wirtschaftliche St\u00e4rke<\/strong>, sondern bietet auch ein herausragendes <strong>kulturelles Angebot<\/strong>.<\/p>\n<p><img decoding=\"async\" class=\"alignnone  wp-image-342\" src=\"https:\/\/ferienwohnung-berngau.de\/wp-content\/uploads\/2019\/12\/Neumarkt_Luftbild-300x176.jpg\" alt=\"Neumarkt Luftbild\" width=\"426\" height=\"250\" srcset=\"https:\/\/ferienwohnung-berngau.de\/wp-content\/uploads\/2019\/12\/Neumarkt_Luftbild-300x176.jpg 300w, https:\/\/ferienwohnung-berngau.de\/wp-content\/uploads\/2019\/12\/Neumarkt_Luftbild-768x449.jpg 768w, https:\/\/ferienwohnung-berngau.de\/wp-content\/uploads\/2019\/12\/Neumarkt_Luftbild.jpg 945w\" sizes=\"(max-width: 426px) 100vw, 426px\" \/><\/p>\n<h2>Geschichte<\/h2>\n<p>Die Stadt entstand im 12. Jahrhundert als \u201eneuer Markt\u201c an der Handelsstra\u00dfe zwischen N\u00fcrnberg und Regensburg und zu ihrer Befestigung wurde die Burg Wolfstein errichtet, die noch heute \u00fcber der Stadt thront.<\/p>\n<p><img decoding=\"async\" class=\"alignnone  wp-image-343\" src=\"https:\/\/ferienwohnung-berngau.de\/wp-content\/uploads\/2019\/12\/Wolfstein-300x176.jpg\" alt=\"\" width=\"430\" height=\"252\" srcset=\"https:\/\/ferienwohnung-berngau.de\/wp-content\/uploads\/2019\/12\/Wolfstein-300x176.jpg 300w, https:\/\/ferienwohnung-berngau.de\/wp-content\/uploads\/2019\/12\/Wolfstein-768x449.jpg 768w, https:\/\/ferienwohnung-berngau.de\/wp-content\/uploads\/2019\/12\/Wolfstein.jpg 945w\" sizes=\"(max-width: 430px) 100vw, 430px\" \/><\/p>\n<p>Im 15. und 16. Jahrhundert wurde Neumarkt als<strong> pf\u00e4lzische Residenzstadt<\/strong> ausgebaut. Aus dieser Zeit stammen u.a. die Kirchen St. Johann, die Hofkirche und das Pfalzgrafenschloss, welche noch heute besichtigt werden k\u00f6nnen. 1806 erhielt die Stadt den Status einer k\u00f6niglich-bayerischen Stadt und wurde Sitz eines Landgerichts. Erst im 19. Jahrhundert wandelte sich die Stadt allm\u00e4hlich zum <strong>Industriestandort<\/strong>. Mit dem Bau des <strong>Ludwigskanals<\/strong>, der noch heute zum Spazierengehen und Radfahren einl\u00e4dt, wurde Neumarkt 1846 zur Hafenstadt. Ab 1920 schaffte es die Stadtverwaltung zunehmend Industriekonzerne in Neumarkt anzusiedeln. Zun\u00e4chst waren es die Holzgro\u00dfhandlung Pfleiderer und die Bleistiftfabrik Eberhard Faber. Mittlerweile gibt es in Neumarkt mehr als 9000 Unternehmen und 36 Gro\u00dfbetriebe. Dazu z\u00e4hlen die international t\u00e4tige Bauunternehmen Max B\u00f6gl GmbH und Klebl GmbH, der deutsche Hersteller pflanzlicher Arzneimitteln Bionorica und der Lebensmittelhersteller Burgis. Mehrmals im Jahr k\u00f6nnen die heimischen Gro\u00dfbetriebe besichtigt werden. Die entsprechenden Termine finden Sie <a href=\"https:\/\/buergerhaus-neumarkt.de\/buergerhaus\/angebote\/alle\/alle-besichtigung\/\" target=\"_blank\" rel=\"noopener noreferrer\">hier<\/a>.<\/p>\n<h2>Kultur und Sehenswertes<\/h2>\n<p>In Neumarkt sind noch heute drei <strong>Privatbrauereien<\/strong> ans\u00e4ssig: Die Brauerei Glossner, die Bio-Brauerei Neumarkter Lammsbr\u00e4u und die Gansbrauerei. Besonders die Lammsbr\u00e4u-Besichtigung, die u.a. speziell f\u00fcr Kinder angeboten wird, ist eine besondere Empfehlung.<br \/>\nNeumarkt bietet seinen Bewohnern und G\u00e4sten ein umfangreiches kulturelles Programm. Neben den <strong>Volksfesten<\/strong> auf dem Volksfestplatz und in den Jura-Hallen (Anfang Mai und August) finden im Juni das <strong>Altstadtfest<\/strong> statt. Dieses verwandelt die Altstadt in eine quirlige Flaniermeile, mit Konzerten auf mehreren B\u00fchnen, F\u00fchrungen und Theatervorstellungen. Auch d\u00fcrfen bei dieser Aufz\u00e4hlung das <strong>Neumarkter Oldtimertreffen<\/strong> an Pfingstsonntag und die <strong>Kulturnacht<\/strong> im September nicht fehlen, bei der die zahlreichen Museen und Galerien Installationen und Auff\u00fchrungen darbieten.<\/p>\n<p><img decoding=\"async\" class=\"alignnone  wp-image-344\" src=\"https:\/\/ferienwohnung-berngau.de\/wp-content\/uploads\/2019\/12\/Volksfest-300x176.jpg\" alt=\"\" width=\"426\" height=\"250\" srcset=\"https:\/\/ferienwohnung-berngau.de\/wp-content\/uploads\/2019\/12\/Volksfest-300x176.jpg 300w, https:\/\/ferienwohnung-berngau.de\/wp-content\/uploads\/2019\/12\/Volksfest-768x449.jpg 768w, https:\/\/ferienwohnung-berngau.de\/wp-content\/uploads\/2019\/12\/Volksfest.jpg 945w\" sizes=\"(max-width: 426px) 100vw, 426px\" \/><\/p>\n<p><strong>Museumsliebhaber<\/strong> kommen ganz auf ihre Kosten. Ob Kunst, Braukunst, historische Fahrzeuge, Modelleisenbahnen oder Wei\u00dfwurst. Die Stadt bietet ein umfangreiches Angebot an Museen, die das ganze Jahr ge\u00f6ffnet haben.<\/p>\n","protected":false},"excerpt":{"rendered":"<p>In unmittelbarer N\u00e4he zur Ferienwohnung liegt die gro\u00dfe Kreisstadt Neumarkt in der Oberpfalz (Neumarkt i.d.Opf). Mit rund 40.000 Einwohnern ist Neumarkt das wirtschaftliche und kulturelle Zentrum der westlichen Oberpfalz. Insgesamt besteht die Kreisstadt&nbsp; aus 45 Gemeindeteilen mit einer Gesamtfl\u00e4che von 7901ha. Die Kreisstadt beeindruckt nicht nur durch seine wirtschaftliche St\u00e4rke, sondern bietet auch ein herausragendes &hellip; <\/p>\n<p class=\"link-more\"><a href=\"https:\/\/ferienwohnung-berngau.de\/index.php\/neumarkt_in_der_oberpfalz\/\" class=\"more-link\"><span class=\"screen-reader-text\">\u201eNeumarkt in der Oberpfalz\u201c<\/span> weiterlesen<\/a><\/p>\n","protected":false},"author":1,"featured_media":0,"parent":0,"menu_order":0,"comment_status":"closed","ping_status":"closed","template":"","meta":{"footnotes":""},"_links":{"self":[{"href":"https:\/\/ferienwohnung-berngau.de\/index.php\/wp-json\/wp\/v2\/pages\/340"}],"collection":[{"href":"https:\/\/ferienwohnung-berngau.de\/index.php\/wp-json\/wp\/v2\/pages"}],"about":[{"href":"https:\/\/ferienwohnung-berngau.de\/index.php\/wp-json\/wp\/v2\/types\/page"}],"author":[{"embeddable":true,"href":"https:\/\/ferienwohnung-berngau.de\/index.php\/wp-json\/wp\/v2\/users\/1"}],"replies":[{"embeddable":true,"href":"https:\/\/ferienwohnung-berngau.de\/index.php\/wp-json\/wp\/v2\/comments?post=340"}],"version-history":[{"count":11,"href":"https:\/\/ferienwohnung-berngau.de\/index.php\/wp-json\/wp\/v2\/pages\/340\/revisions"}],"predecessor-version":[{"id":363,"href":"https:\/\/ferienwohnung-berngau.de\/index.php\/wp-json\/wp\/v2\/pages\/340\/revisions\/363"}],"wp:attachment":[{"href":"https:\/\/ferienwohnung-berngau.de\/index.php\/wp-json\/wp\/v2\/media?parent=340"}],"curies":[{"name":"wp","href":"https:\/\/api.w.org\/{rel}","templated":true}]}}