{"id":123,"date":"2018-03-11T17:01:21","date_gmt":"2018-03-11T16:01:21","guid":{"rendered":"http:\/\/192.168.178.49\/?page_id=123"},"modified":"2018-04-01T18:38:47","modified_gmt":"2018-04-01T16:38:47","slug":"impressum","status":"publish","type":"page","link":"https:\/\/ferienwohnung-berngau.de\/index.php\/impressum\/","title":{"rendered":"Impressum"},"content":{"rendered":"<h4><span class=\"fontstyle0\">Angaben gem\u00e4\u00df \u00a7 5 TMG:<\/span><\/h4>\n<p><span class=\"fontstyle2\">Herbert H\u00e4nsel<br \/>\nRingstra\u00dfe 37<br \/>\n92361 Berngau<br \/>\n<\/span><span class=\"fontstyle0\">Kontakt:<\/span><span class=\"fontstyle2\"> +49 (0) 160\/5388737<br \/>\nE-Mail: <a href=\"mailto:ferienwohnung-berngau@gmx.de\"><span style=\"font-family: Verdana, Arial, Helvetica;\">ferienwohnung-berngau@gmx.de<\/span><\/a><br \/>\n<\/span><\/p>\n<h4><span class=\"fontstyle0\">Haftung f\u00fcr Inhalte<\/span><\/h4>\n<p><span class=\"fontstyle2\">Als Diensteanbieter sind wir gem\u00e4\u00df \u00a7 7 Abs.1 TMG f\u00fcr eigene Inhalte auf diesen Seiten nach den allgemeinen Gesetzen verantwortlich. Nach \u00a7\u00a7 8 bis 10 TMG sind wir als Diensteanbieter jedoch nicht verpflichtet, \u00fcbermittelte oder gespeicherte fremde Informationen zu \u00fcberwachen oder nach Umst\u00e4nden zu forschen, die auf eine rechtswidrige T\u00e4tigkeit hinweisen.<br \/>\nVerpflichtungen zur Entfernung oder Sperrung der Nutzung von Informationen nach den allgemeinen Gesetzen bleiben hiervon unber\u00fchrt. Eine diesbez\u00fcgliche Haftung ist jedoch erst ab dem Zeitpunkt der Kenntnis einer konkreten Rechtsverletzung m\u00f6glich. Bei Bekanntwerden von\u00a0 entsprechenden Rechtsverletzungen werden wir diese Inhalte umgehend entfernen.<\/span><\/p>\n<h4><span class=\"fontstyle0\">Haftung f\u00fcr Links<\/span><\/h4>\n<p><span class=\"fontstyle2\">Unser Angebot enth\u00e4lt Links zu externen Websites Dritter, auf deren Inhalte wir keinen Einfluss haben. Deshalb k\u00f6nnen wir f\u00fcr diese fremden Inhalte auch keine Gew\u00e4hr \u00fcbernehmen. F\u00fcr die Inhalte der verlinkten Seiten ist stets der jeweilige Anbieter oder Betreiber der Seiten verantwortlich. Die verlinkten Seiten wurden zum Zeitpunkt der Verlinkung auf m\u00f6gliche Rechtsverst\u00f6\u00dfe\u00a0 \u00fcberpr\u00fcft. Rechtswidrige Inhalte waren zum Zeitpunkt der Verlinkung nicht erkennbar.<br \/>\nEine permanente inhaltliche Kontrolle der verlinkten Seiten ist jedoch ohne konkrete Anhaltspunkte einer Rechtsverletzung nicht zumutbar. Bei Bekanntwerden von Rechtsverletzungen werden wir derartige Links <\/span><span class=\"fontstyle2\">umgehend entfernen.<\/span><\/p>\n<h4><span class=\"fontstyle0\">Urheberrecht<br \/>\n<\/span><\/h4>\n<p><span class=\"fontstyle2\">Die durch die Seitenbetreiber erstellten Inhalte und Werke auf diesen Seiten unterliegen dem deutschen Urheberrecht. Die Vervielf\u00e4ltigung, Bearbeitung, Verbreitung und jede Art der Verwertung au\u00dferhalb der Grenzen des Urheberrechtes bed\u00fcrfen der schriftlichen Zustimmung des jeweiligen Autors bzw. Erstellers. Downloads und Kopien dieser Seite sind nur f\u00fcr den privaten, nicht kommerziellen Gebrauch gestattet.<br \/>\nSoweit die Inhalte auf dieser Seite nicht vom Betreiber erstellt wurden, werden die Urheberrechte Dritter beachtet. Insbesondere werden Inhalte Dritter als solche gekennzeichnet. Sollten Sie trotzdem auf eine Urheberrechtsverletzung aufmerksam werden, bitten wir um einen\u00a0 entsprechenden Hinweis. Bei Bekanntwerden von Rechtsverletzungen werden wir derartige Inhalte umgehend entfernen.<\/span><\/p>\n<p><span class=\"fontstyle2\">Quelle: <\/span><span class=\"fontstyle2\">e-recht24.de<\/span><\/p>\n","protected":false},"excerpt":{"rendered":"<p>Angaben gem\u00e4\u00df \u00a7 5 TMG: Herbert H\u00e4nsel Ringstra\u00dfe 37 92361 Berngau Kontakt: +49 (0) 160\/5388737 E-Mail: ferienwohnung-berngau@gmx.de Haftung f\u00fcr Inhalte Als Diensteanbieter sind wir gem\u00e4\u00df \u00a7 7 Abs.1 TMG f\u00fcr eigene Inhalte auf diesen Seiten nach den allgemeinen Gesetzen verantwortlich. Nach \u00a7\u00a7 8 bis 10 TMG sind wir als Diensteanbieter jedoch nicht verpflichtet, \u00fcbermittelte oder &hellip; <\/p>\n<p class=\"link-more\"><a href=\"https:\/\/ferienwohnung-berngau.de\/index.php\/impressum\/\" class=\"more-link\"><span class=\"screen-reader-text\">\u201eImpressum\u201c<\/span> weiterlesen<\/a><\/p>\n","protected":false},"author":1,"featured_media":0,"parent":0,"menu_order":0,"comment_status":"closed","ping_status":"closed","template":"","meta":{"footnotes":""},"_links":{"self":[{"href":"https:\/\/ferienwohnung-berngau.de\/index.php\/wp-json\/wp\/v2\/pages\/123"}],"collection":[{"href":"https:\/\/ferienwohnung-berngau.de\/index.php\/wp-json\/wp\/v2\/pages"}],"about":[{"href":"https:\/\/ferienwohnung-berngau.de\/index.php\/wp-json\/wp\/v2\/types\/page"}],"author":[{"embeddable":true,"href":"https:\/\/ferienwohnung-berngau.de\/index.php\/wp-json\/wp\/v2\/users\/1"}],"replies":[{"embeddable":true,"href":"https:\/\/ferienwohnung-berngau.de\/index.php\/wp-json\/wp\/v2\/comments?post=123"}],"version-history":[{"count":0,"href":"https:\/\/ferienwohnung-berngau.de\/index.php\/wp-json\/wp\/v2\/pages\/123\/revisions"}],"wp:attachment":[{"href":"https:\/\/ferienwohnung-berngau.de\/index.php\/wp-json\/wp\/v2\/media?parent=123"}],"curies":[{"name":"wp","href":"https:\/\/api.w.org\/{rel}","templated":true}]}}